{"id":33,"date":"2026-01-23T13:10:17","date_gmt":"2026-01-23T13:10:17","guid":{"rendered":"https:\/\/autofolijacentar.hr\/?page_id=33"},"modified":"2026-02-17T12:55:48","modified_gmt":"2026-02-17T12:55:48","slug":"home","status":"publish","type":"page","link":"https:\/\/autofolijacentar.hr\/","title":{"rendered":"Home"},"content":{"rendered":"\t\t<div data-elementor-type=\"wp-page\" data-elementor-id=\"33\" class=\"elementor elementor-33\" data-elementor-post-type=\"page\">\n\t\t\t\t<div class=\"elementor-element elementor-element-d5cfde3 e-flex e-con-boxed e-con e-parent\" data-id=\"d5cfde3\" data-element_type=\"container\" data-e-type=\"container\" data-settings=\"{&quot;background_background&quot;:&quot;classic&quot;}\">\n\t\t\t\t\t<div class=\"e-con-inner\">\n\t\t\t\t<div class=\"elementor-element elementor-element-c7a7928 elementor-widget elementor-widget-image\" data-id=\"c7a7928\" data-element_type=\"widget\" data-e-type=\"widget\" data-settings=\"{&quot;motion_fx_motion_fx_mouse&quot;:&quot;yes&quot;}\" data-widget_type=\"image.default\">\n\t\t\t\t\t\t\t\t\t\t\t\t\t\t\t<img fetchpriority=\"high\" decoding=\"async\" width=\"655\" height=\"144\" src=\"https:\/\/autofolijacentar.hr\/wp-content\/uploads\/2026\/02\/logo_AFC_B.png\" class=\"attachment-full size-full wp-image-126\" alt=\"\" srcset=\"https:\/\/autofolijacentar.hr\/wp-content\/uploads\/2026\/02\/logo_AFC_B.png 655w, https:\/\/autofolijacentar.hr\/wp-content\/uploads\/2026\/02\/logo_AFC_B-300x66.png 300w\" sizes=\"(max-width: 655px) 100vw, 655px\" \/>\t\t\t\t\t\t\t\t\t\t\t\t\t\t\t<\/div>\n\t\t\t\t<div class=\"elementor-element elementor-element-32b3f1bc elementor-widget__width-initial elementor-invisible elementor-widget elementor-widget-heading\" data-id=\"32b3f1bc\" data-element_type=\"widget\" data-e-type=\"widget\" data-settings=\"{&quot;_animation&quot;:&quot;fadeIn&quot;}\" data-widget_type=\"heading.default\">\n\t\t\t\t\t<h5 class=\"elementor-heading-title elementor-size-default\">zatamnjivanje stakala - oslikavanje vozila - promjena boje vozila folijom - zatamnjivanje farova - digitalni tisak - tisak na sve vrste materijala<\/h5>\t\t\t\t<\/div>\n\t\t\t\t\t<\/div>\n\t\t\t\t<\/div>\n\t\t<div class=\"elementor-element elementor-element-76b52626 e-flex e-con-boxed e-con e-parent\" data-id=\"76b52626\" data-element_type=\"container\" data-e-type=\"container\">\n\t\t\t\t\t<div class=\"e-con-inner\">\n\t\t\t\t<div class=\"elementor-element elementor-element-30e5297 elementor-widget elementor-widget-heading\" data-id=\"30e5297\" data-element_type=\"widget\" data-e-type=\"widget\" data-widget_type=\"heading.default\">\n\t\t\t\t\t<h2 class=\"elementor-heading-title elementor-size-default\">Na\u0161e usluge<\/h2>\t\t\t\t<\/div>\n\t\t<div class=\"elementor-element elementor-element-b2d7dbe e-con-full e-flex e-con e-child\" data-id=\"b2d7dbe\" data-element_type=\"container\" data-e-type=\"container\">\n\t\t\t\t<div class=\"elementor-element elementor-element-43ed2439 elementor-widget-tablet__width-initial elementor-widget-mobile__width-inherit elementor-widget__width-initial elementor-position-top elementor-widget elementor-widget-image-box\" data-id=\"43ed2439\" data-element_type=\"widget\" data-e-type=\"widget\" data-widget_type=\"image-box.default\">\n\t\t\t\t\t<div class=\"elementor-image-box-wrapper\"><figure class=\"elementor-image-box-img\"><img decoding=\"async\" width=\"558\" height=\"497\" src=\"https:\/\/autofolijacentar.hr\/wp-content\/uploads\/2026\/02\/ZATAMNJIVANJE.jpg\" class=\"elementor-animation-grow attachment-full size-full wp-image-118\" alt=\"\" srcset=\"https:\/\/autofolijacentar.hr\/wp-content\/uploads\/2026\/02\/ZATAMNJIVANJE.jpg 558w, https:\/\/autofolijacentar.hr\/wp-content\/uploads\/2026\/02\/ZATAMNJIVANJE-300x267.jpg 300w\" sizes=\"(max-width: 558px) 100vw, 558px\" \/><\/figure><div class=\"elementor-image-box-content\"><h4 class=\"elementor-image-box-title\">Zatamnjivanje stakala<\/h4><p class=\"elementor-image-box-description\">Prednosti zatamnjivanja stakala<br>...<br><b>Za\u0161tita od topline:<\/b> Folije zna\u010dajno smanjuju koli\u010dinu sun\u010deve topline koja ulazi u vozilo, \u0161to doprinosi ugodnijoj temperaturi i smanjenju optere\u0107enja klima ure\u0111aja.<br>...<br><b>UV za\u0161tita:<\/b> Kvalitetne folije blokiraju do 99% \u0161tetnih UV zraka, \u0161tite\u0107i ko\u017eu putnika i sprje\u010davaju\u0107i blije\u0111enje unutra\u0161njosti vozila (armaturne plo\u010de, sjedala).\n...<br><b>Privatnost i sigurnost:<\/b> Zatamnjena stakla pru\u017eaju ve\u0107u privatnost od znati\u017eeljnih pogleda i ote\u017eavaju provalnicima uo\u010davanje vrijednih predmeta ostavljenih u automobilu.<br>...<br><b>Smanjenje odsjaja: <\/b>Folije smanjuju odsjaj od sunca, farova drugih vozila ili snijega, \u0161to doprinosi sigurnijoj vo\u017enji.\nSigurnost u slu\u010daju loma: U slu\u010daju nesre\u0107e, folija dr\u017ei razbijeno staklo na okupu, smanjuju\u0107i opasnost od ozljeda uzrokovanih krhotinama. <br>...<br>\n<b>Profesionalna ugradnja ili \"uradi sam\" opcije<\/b>\nIako je mogu\u0107e kupiti folije i poku\u0161ati ih sami postaviti, preporu\u010duje se na\u0161a profesionalna ugradnja. Mi osiguravamo postavljanje bez mjehuri\u0107a, nabora i ne\u010disto\u0107a, uz odgovaraju\u0107e jamstvo na rad i materijal sa garancijom od 10 godina<\/p><\/div><\/div>\t\t\t\t<\/div>\n\t\t\t\t<div class=\"elementor-element elementor-element-3afe9b04 elementor-widget-tablet__width-initial elementor-widget-mobile__width-inherit elementor-widget__width-initial elementor-position-top elementor-widget elementor-widget-image-box\" data-id=\"3afe9b04\" data-element_type=\"widget\" data-e-type=\"widget\" data-widget_type=\"image-box.default\">\n\t\t\t\t\t<div class=\"elementor-image-box-wrapper\"><figure class=\"elementor-image-box-img\"><img decoding=\"async\" width=\"558\" height=\"497\" src=\"https:\/\/autofolijacentar.hr\/wp-content\/uploads\/2026\/02\/OSLIKAVANJE.jpg\" class=\"elementor-animation-grow attachment-full size-full wp-image-116\" alt=\"\" srcset=\"https:\/\/autofolijacentar.hr\/wp-content\/uploads\/2026\/02\/OSLIKAVANJE.jpg 558w, https:\/\/autofolijacentar.hr\/wp-content\/uploads\/2026\/02\/OSLIKAVANJE-300x267.jpg 300w\" sizes=\"(max-width: 558px) 100vw, 558px\" \/><\/figure><div class=\"elementor-image-box-content\"><h4 class=\"elementor-image-box-title\">reklamno oslikavanje<\/h4><p class=\"elementor-image-box-description\">Reklamno oslikavanje automobila jedan je od najisplativijih oblika promocije jer va\u0161e vozilo pretvara u mobilni oglas koji radi 24 sata dnevno. Postupak uklju\u010duje kori\u0161tenje visokokvalitetnih PVC folija koje \u0161tite originalni lak vozila, a po potrebi se mogu ukloniti bez o\u0161te\u0107enja. <br>\n...<br><b>Djelomi\u010dno oslikavanje:<\/b> <br>Fokusira se na logotip, kontakt podatke i slogan, naj\u010de\u0161\u0107e na vratima ili bo\u010dnim stranama.<br>\n...<br><b>Potpuno oslikavanje<\/b> (Full Wrap): Prekrivanje cijelog vozila folijom u boji ili s printom, \u010dime se posti\u017ee maksimalan vizualni efekt.<br>\n...<br><b>Oslikavanje staklenih povr\u0161ina:<\/b> Koristi se One Way Vision (perforirana) folija koja omogu\u0107uje vidljivost iznutra, dok se izvana vidi reklamna grafika. <br>...<br>\n<b>Klju\u010dne prednosti<\/b><br>\n...<br><b>Dugotrajnost:<\/b> Kvalitetne \"cast\" folije s laminacijom imaju garanciju do 5 godina.\nZa\u0161tita: Folija \u0161titi lak od sitnih kamen\u010di\u0107a, ogrebotina i UV zra\u010denja.<br>\n...<br><b>Brza izmjena:<\/b> Informacije na vozilu (poput broja telefona ili kampanje) mogu se lako zamijeniti bez bojenja cijelog auta. \n<\/p><\/div><\/div>\t\t\t\t<\/div>\n\t\t\t\t<div class=\"elementor-element elementor-element-4013ea92 elementor-widget-tablet__width-initial elementor-widget-mobile__width-inherit elementor-widget__width-initial elementor-position-top elementor-widget elementor-widget-image-box\" data-id=\"4013ea92\" data-element_type=\"widget\" data-e-type=\"widget\" data-widget_type=\"image-box.default\">\n\t\t\t\t\t<div class=\"elementor-image-box-wrapper\"><figure class=\"elementor-image-box-img\"><img loading=\"lazy\" decoding=\"async\" width=\"558\" height=\"497\" src=\"https:\/\/autofolijacentar.hr\/wp-content\/uploads\/2026\/02\/CAR_WRAP.jpg\" class=\"elementor-animation-grow attachment-full size-full wp-image-115\" alt=\"\" srcset=\"https:\/\/autofolijacentar.hr\/wp-content\/uploads\/2026\/02\/CAR_WRAP.jpg 558w, https:\/\/autofolijacentar.hr\/wp-content\/uploads\/2026\/02\/CAR_WRAP-300x267.jpg 300w\" sizes=\"(max-width: 558px) 100vw, 558px\" \/><\/figure><div class=\"elementor-image-box-content\"><h4 class=\"elementor-image-box-title\">promjena boje vozila car wrap<\/h4><p class=\"elementor-image-box-description\"><b>Car wrap<\/b> je popularna metoda za promjenu izgleda vozila koja nudi \u0161irok izbor boja i zavr\u0161nih obrada te istovremeno pru\u017ea za\u0161titu originalne boje. Uslugu je potrebno prijaviti na tehni\u010dkom pregledu radi upisa nove boje u prometnu dozvolu. <br>...\n<br><b>Prednosti i zna\u010dajke Car Wrapa<\/b>\nCar wrap pru\u017ea brojne prednosti u odnosu na tradicionalno lakiranje, kao i raznolike opcije personalizacije. <br>...<br>\n<b>Za\u0161tita originalnog laka<\/b>: Folija djeluje kao za\u0161titni sloj koji \u0161titi originalnu boju vozila od manjih ogrebotina, kamen\u010di\u0107a, UV zraka i drugih vanjskih utjecaja.<br>...<br>\n<b>\u0160irok raspon boja i tekstura<\/b>: Mo\u017eete birati izme\u0111u raznih opcija kao \u0161to su mat, sjajne, satenske, metalik, pa \u010dak i 3D karbonske folije. To omogu\u0107uje jedinstvenu personalizaciju koju je te\u0161ko posti\u0107i lakiranjem.<br>...<br>\n<b>Fleksibilnost i reverzibilnost<\/b>: Folija se mo\u017ee lako ukloniti bez trajnog utjecaja na originalnu boju, \u0161to je idealno ako \u017eelite privremenu promjenu ili planirate prodati vozilo i vratiti ga na tvorni\u010dku boju.<br>...<br>\n<b>Brza aplikacija:<\/b> Postavljanje folije obi\u010dno traje kra\u0107e od kvalitetnog lakiranja (5 do 7 dana, ovisno o slo\u017eenosti). \n<\/p><\/div><\/div>\t\t\t\t<\/div>\n\t\t\t\t<div class=\"elementor-element elementor-element-580d492f elementor-widget-tablet__width-initial elementor-widget-mobile__width-inherit elementor-widget__width-initial elementor-position-top elementor-widget elementor-widget-image-box\" data-id=\"580d492f\" data-element_type=\"widget\" data-e-type=\"widget\" data-widget_type=\"image-box.default\">\n\t\t\t\t\t<div class=\"elementor-image-box-wrapper\"><figure class=\"elementor-image-box-img\"><img loading=\"lazy\" decoding=\"async\" width=\"558\" height=\"497\" src=\"https:\/\/autofolijacentar.hr\/wp-content\/uploads\/2026\/02\/TISAK-1.jpg\" class=\"elementor-animation-grow attachment-full size-full wp-image-117\" alt=\"\" srcset=\"https:\/\/autofolijacentar.hr\/wp-content\/uploads\/2026\/02\/TISAK-1.jpg 558w, https:\/\/autofolijacentar.hr\/wp-content\/uploads\/2026\/02\/TISAK-1-300x267.jpg 300w\" sizes=\"(max-width: 558px) 100vw, 558px\" \/><\/figure><div class=\"elementor-image-box-content\"><h4 class=\"elementor-image-box-title\">tisak na sve vrste materijala<\/h4><p class=\"elementor-image-box-description\"><b>Digitalni tisak<\/b> je suvremena metoda ispisa koja koristi elektroni\u010dke datoteke izravno s ra\u010dunala na ure\u0111aj za tiskanje, eliminiraju\u0107i potrebu za tiskarskim plo\u010dama. Idealan je za manje naklade i projekte koji zahtijevaju brzu isporuku<br><br>...<br><br><b>UV tisak <\/b>je moderna metoda digitalnog inkjet tiska koja koristi ultraljubi\u010dasto (UV) svjetlo za trenutno su\u0161enje (polimerizaciju) tinte na povr\u0161ini materijala. Za razliku od klasi\u010dnog tiska gdje se boja upija ili isparava, kod UV tiska ona ostaje na povr\u0161ini, \u0161to omogu\u0107uje iznimnu preciznost i rad na gotovo svim podlogama.<br><br>...<br><br><b>DTF (Direct to Film) tisak<\/b> je moderna tehnologija digitalnog <b>tiska na tekstil<\/b> koja omogu\u0107uje izradu visokokvalitetnih, \u017eivopisnih i izdr\u017eljivih preslika\u010da za \u0161irok raspon materijala, uklju\u010duju\u0107i pamuk, poliester i mje\u0161avine, bez potrebe za prethodnom obradom tkanine.\n<div><br><\/div><\/p><\/div><\/div>\t\t\t\t<\/div>\n\t\t\t\t<\/div>\n\t\t\t\t\t<\/div>\n\t\t\t\t<\/div>\n\t\t<div class=\"elementor-element elementor-element-2b03c396 e-flex e-con-boxed e-con e-parent\" data-id=\"2b03c396\" data-element_type=\"container\" data-e-type=\"container\" id=\"next\">\n\t\t\t\t\t<div class=\"e-con-inner\">\n\t\t\t\t<div class=\"elementor-element elementor-element-32bd412c elementor-widget elementor-widget-heading\" data-id=\"32bd412c\" data-element_type=\"widget\" data-e-type=\"widget\" data-widget_type=\"heading.default\">\n\t\t\t\t\t<h2 class=\"elementor-heading-title elementor-size-default\">Za\u0161to odabrati nas<\/h2>\t\t\t\t<\/div>\n\t\t<div class=\"elementor-element elementor-element-2230900 e-con-full e-flex e-con e-child\" data-id=\"2230900\" data-element_type=\"container\" data-e-type=\"container\">\n\t\t<div class=\"elementor-element elementor-element-3422c57e e-con-full e-flex e-con e-child\" data-id=\"3422c57e\" data-element_type=\"container\" data-e-type=\"container\" data-settings=\"{&quot;background_background&quot;:&quot;classic&quot;}\">\n\t\t\t\t<div class=\"elementor-element elementor-element-161e2824 elementor-widget elementor-widget-heading\" data-id=\"161e2824\" data-element_type=\"widget\" data-e-type=\"widget\" data-widget_type=\"heading.default\">\n\t\t\t\t\t<h4 class=\"elementor-heading-title elementor-size-default\">preko 20 godina iskustva u monta\u017ei za\u0161titnih folija<\/h4>\t\t\t\t<\/div>\n\t\t\t\t<\/div>\n\t\t<div class=\"elementor-element elementor-element-3c11ef1e e-con-full e-flex e-con e-child\" data-id=\"3c11ef1e\" data-element_type=\"container\" data-e-type=\"container\" data-settings=\"{&quot;background_background&quot;:&quot;classic&quot;}\">\n\t\t\t\t<div class=\"elementor-element elementor-element-4b81fa04 elementor-widget elementor-widget-heading\" data-id=\"4b81fa04\" data-element_type=\"widget\" data-e-type=\"widget\" data-widget_type=\"heading.default\">\n\t\t\t\t\t<h4 class=\"elementor-heading-title elementor-size-default\">preko 20 godina iskustva u monta\u017ei reklamnih natpisa<\/h4>\t\t\t\t<\/div>\n\t\t\t\t<\/div>\n\t\t<div class=\"elementor-element elementor-element-896f1cc e-con-full e-flex e-con e-child\" data-id=\"896f1cc\" data-element_type=\"container\" data-e-type=\"container\" data-settings=\"{&quot;background_background&quot;:&quot;classic&quot;}\">\n\t\t\t\t<div class=\"elementor-element elementor-element-74b1013b elementor-widget elementor-widget-heading\" data-id=\"74b1013b\" data-element_type=\"widget\" data-e-type=\"widget\" data-widget_type=\"heading.default\">\n\t\t\t\t\t<h4 class=\"elementor-heading-title elementor-size-default\">kvalitetni materijali renomirani brandovi sa dugogodi\u0161njim garancijom<\/h4>\t\t\t\t<\/div>\n\t\t\t\t<\/div>\n\t\t<div class=\"elementor-element elementor-element-28ff6772 e-con-full e-flex e-con e-child\" data-id=\"28ff6772\" data-element_type=\"container\" data-e-type=\"container\" data-settings=\"{&quot;background_background&quot;:&quot;classic&quot;}\">\n\t\t\t\t<div class=\"elementor-element elementor-element-1321d88d elementor-widget elementor-widget-heading\" data-id=\"1321d88d\" data-element_type=\"widget\" data-e-type=\"widget\" data-widget_type=\"heading.default\">\n\t\t\t\t\t<h4 class=\"elementor-heading-title elementor-size-default\">pristupa\u010dnost i brzina u rje\u0161avanju va\u0161ih problema i potreba<\/h4>\t\t\t\t<\/div>\n\t\t\t\t<\/div>\n\t\t\t\t<\/div>\n\t\t\t\t\t<\/div>\n\t\t\t\t<\/div>\n\t\t<div class=\"elementor-element elementor-element-4c3cac6b e-flex e-con-boxed e-con e-parent\" data-id=\"4c3cac6b\" data-element_type=\"container\" data-e-type=\"container\">\n\t\t\t\t\t<div class=\"e-con-inner\">\n\t\t<div class=\"elementor-element elementor-element-34530233 e-con-full e-flex e-con e-child\" data-id=\"34530233\" data-element_type=\"container\" data-e-type=\"container\" data-settings=\"{&quot;background_background&quot;:&quot;classic&quot;}\">\n\t\t\t\t<div class=\"elementor-element elementor-element-c9d99c3 elementor-widget elementor-widget-google_maps\" data-id=\"c9d99c3\" data-element_type=\"widget\" data-e-type=\"widget\" data-widget_type=\"google_maps.default\">\n\t\t\t\t\t\t\t<div class=\"elementor-custom-embed\">\n\t\t\t<iframe loading=\"lazy\"\n\t\t\t\t\tsrc=\"https:\/\/maps.google.com\/maps?q=Ssa%C4%8Dka%20cesta%205&#038;t=m&#038;z=15&#038;output=embed&#038;iwloc=near\"\n\t\t\t\t\ttitle=\"Ssa\u010dka cesta 5\"\n\t\t\t\t\taria-label=\"Ssa\u010dka cesta 5\"\n\t\t\t><\/iframe>\n\t\t<\/div>\n\t\t\t\t\t\t<\/div>\n\t\t\t\t<\/div>\n\t\t<div class=\"elementor-element elementor-element-38737bf9 e-con-full e-flex e-con e-child\" data-id=\"38737bf9\" data-element_type=\"container\" data-e-type=\"container\">\n\t\t\t\t<div class=\"elementor-element elementor-element-4fa4a666 elementor-widget elementor-widget-heading\" data-id=\"4fa4a666\" data-element_type=\"widget\" data-e-type=\"widget\" data-widget_type=\"heading.default\">\n\t\t\t\t\t<h2 class=\"elementor-heading-title elementor-size-default\">autofolijacentar<\/h2>\t\t\t\t<\/div>\n\t\t\t\t<div class=\"elementor-element elementor-element-3e691c69 elementor-widget elementor-widget-text-editor\" data-id=\"3e691c69\" data-element_type=\"widget\" data-e-type=\"widget\" data-widget_type=\"text-editor.default\">\n\t\t\t\t\t\t\t\t\t<p>Sisa\u010dka cesta 5<\/p><p>10020 Zagreb<\/p><p>DS PLUS, obrt vl. Damir Slunjski<\/p><p>+385 91 2604 281<\/p><p>autofolijacentar@gmail.com<\/p>\t\t\t\t\t\t\t\t<\/div>\n\t\t\t\t<\/div>\n\t\t\t\t\t<\/div>\n\t\t\t\t<\/div>\n\t\t\t\t<\/div>\n\t\t","protected":false},"excerpt":{"rendered":"<p>zatamnjivanje stakala &#8211; oslikavanje vozila &#8211; promjena boje vozila folijom &#8211; zatamnjivanje farova &#8211; digitalni tisak &#8211; tisak na sve vrste materijala Na\u0161e usluge Zatamnjivanje stakala Prednosti zatamnjivanja stakala&#8230;Za\u0161tita od topline: Folije zna\u010dajno smanjuju koli\u010dinu sun\u010deve topline koja ulazi u vozilo, \u0161to doprinosi ugodnijoj temperaturi i smanjenju optere\u0107enja klima ure\u0111aja.&#8230;UV za\u0161tita: Kvalitetne folije blokiraju do [&hellip;]<\/p>\n","protected":false},"author":1,"featured_media":126,"parent":0,"menu_order":0,"comment_status":"closed","ping_status":"closed","template":"elementor_header_footer","meta":{"footnotes":""},"class_list":["post-33","page","type-page","status-publish","has-post-thumbnail","hentry"],"_links":{"self":[{"href":"https:\/\/autofolijacentar.hr\/index.php?rest_route=\/wp\/v2\/pages\/33","targetHints":{"allow":["GET"]}}],"collection":[{"href":"https:\/\/autofolijacentar.hr\/index.php?rest_route=\/wp\/v2\/pages"}],"about":[{"href":"https:\/\/autofolijacentar.hr\/index.php?rest_route=\/wp\/v2\/types\/page"}],"author":[{"embeddable":true,"href":"https:\/\/autofolijacentar.hr\/index.php?rest_route=\/wp\/v2\/users\/1"}],"replies":[{"embeddable":true,"href":"https:\/\/autofolijacentar.hr\/index.php?rest_route=%2Fwp%2Fv2%2Fcomments&post=33"}],"version-history":[{"count":92,"href":"https:\/\/autofolijacentar.hr\/index.php?rest_route=\/wp\/v2\/pages\/33\/revisions"}],"predecessor-version":[{"id":171,"href":"https:\/\/autofolijacentar.hr\/index.php?rest_route=\/wp\/v2\/pages\/33\/revisions\/171"}],"wp:featuredmedia":[{"embeddable":true,"href":"https:\/\/autofolijacentar.hr\/index.php?rest_route=\/wp\/v2\/media\/126"}],"wp:attachment":[{"href":"https:\/\/autofolijacentar.hr\/index.php?rest_route=%2Fwp%2Fv2%2Fmedia&parent=33"}],"curies":[{"name":"wp","href":"https:\/\/api.w.org\/{rel}","templated":true}]}}